{"id":1719,"date":"2017-05-05T15:22:08","date_gmt":"2017-05-05T15:22:08","guid":{"rendered":"http:\/\/export-1.test-tangibledesign.net\/?page_id=1719"},"modified":"2022-10-06T17:32:11","modified_gmt":"2022-10-06T17:32:11","slug":"about-us","status":"publish","type":"page","link":"https:\/\/www.inmobiliaria.ebits.com.mx\/en\/about-us\/","title":{"rendered":"Sobre Nosotros"},"content":{"rendered":"<div class=\"vc_row wpb_row vc_row-fluid\"><div class=\"wpb_column vc_column_container vc_col-sm-12\"><div class=\"vc_column-inner vc_custom_1512407858131\"><div class=\"wpb_wrapper\">\n\t<div class=\"wpb_text_column wpb_content_element\" >\n\t\t<div class=\"wpb_wrapper\">\n\t\t\t<p style=\"font-weight: 400;\">Inmobiliaria Rios, S.A. de C.V. es una empresa dedicada a prestar una amplia gama de servicios inmobiliarios.<\/p>\n<p style=\"font-weight: 400;\">Contamos con los conocimientos. La experiencia, las herramientas m\u00e1s modernas y el esp\u00edritu de servicio de calidad para vender, rentar y\/o administrar bienes <strong>inmuebles<\/strong>, en <strong>tiempo optimo<\/strong> y en las mejores condiciones.<\/p>\n\n\t\t<\/div>\n\t<\/div>\n<div class=\"vc_row wpb_row vc_inner vc_row-fluid\"><div class=\"wpb_column vc_column_container vc_col-sm-6\"><div class=\"vc_column-inner\"><div class=\"wpb_wrapper\"><div class=\"mh-heading-wrapper--left\">\r\n\t\r\n        <div class=\"mh-heading-wrapper\">\r\n            <h3            class=\"mh-heading  mh-heading--bottom-separator    vc_custom_1664918790633\"\r\n            style=\"font-weight:700;\">\r\n\t\t\tMisi\u00f3n:        <\/h3>\r\n\r\n\t\t            <div class=\"mh-subheading\"\r\n                 style=\"\">\r\n\t\t\t\tOfrecer a nuestros clientes un servicio integral mediante el cual de manera eficiente podamos contribuir con nuestros clientes a tomar la decisi\u00f3n m\u00e1s adecuada en sus operaciones inmobiliarias, facilitando la compra, venta o arrendamiento de inmuebles en el menor tiempo posible, al mejor precio de mercado y protegiendo legalmente el patrimonio de las partes con transparencia y confiabilidad.            <\/div>\r\n\t\t    <\/div>\r\n\r\n\t<\/div><\/div><\/div><\/div><div class=\"wpb_column vc_column_container vc_col-sm-6\"><div class=\"vc_column-inner\"><div class=\"wpb_wrapper\"><div class=\"mh-heading-wrapper--left\">\r\n\t\r\n        <div class=\"mh-heading-wrapper\">\r\n            <h3            class=\"mh-heading  mh-heading--bottom-separator    vc_custom_1664918803883\"\r\n            style=\"font-weight:700;\">\r\n\t\t\tVisi\u00f3n:        <\/h3>\r\n\r\n\t\t            <div class=\"mh-subheading\"\r\n                 style=\"\">\r\n\t\t\t\tEstablecernos como una inmobiliaria l\u00edder en su comunidad. Ofrecer siempre a nuestros clientes las mejores soluciones de bienes ra\u00edces, brindando de esta manera un servicio que satisfaga sus necesidades particulares en busca de una s\u00f3lida inversi\u00f3n.            <\/div>\r\n\t\t    <\/div>\r\n\r\n\t<\/div><\/div><\/div><\/div><\/div>\n\t<div class=\"wpb_text_column wpb_content_element\" >\n\t\t<div class=\"wpb_wrapper\">\n\t\t\t<h3><strong>Filosof\u00eda:<\/strong><\/h3>\n<p style=\"font-weight: 400;\">Somos una empresa comprometida con nuestros clientes y con la sociedad en general, por lo que la \u00e9tica, la honradez, el esp\u00edritu de servicio y la mejora continua son elementos exigibles en nuestro actuar diario.<\/p>\n\n\t\t<\/div>\n\t<\/div>\n<div class=\"vc_separator wpb_content_element vc_separator_align_center vc_sep_width_100 vc_sep_pos_align_center vc_sep_color_grey vc_separator-has-text\" ><span class=\"vc_sep_holder vc_sep_holder_l\"><span  class=\"vc_sep_line\"><\/span><\/span><div \tclass=\"vc_icon_element vc_icon_element-outer vc_icon_element-align-left\">\n\t<div class=\"vc_icon_element-inner vc_icon_element-color-blue vc_icon_element-size-md vc_icon_element-style- vc_icon_element-background-color-grey\">\n\t\t<span class=\"vc_icon_element-icon fa fa-check\" ><\/span><\/div>\n<\/div>\n<h4>Servicios<\/h4><span class=\"vc_sep_holder vc_sep_holder_r\"><span  class=\"vc_sep_line\"><\/span><\/span>\n<\/div><div class=\"vc_tta-container\" data-vc-action=\"collapse\"><div class=\"vc_general vc_tta vc_tta-accordion vc_tta-color-grey vc_tta-style-classic vc_tta-shape-rounded vc_tta-o-shape-group vc_tta-controls-align-left\"><div class=\"vc_tta-panels-container\"><div class=\"vc_tta-panels\"><div class=\"vc_tta-panel vc_active\" id=\"1542824560845-2a40a5d5-45fc\" data-vc-content=\".vc_tta-panel-body\"><div class=\"vc_tta-panel-heading\"><h4 class=\"vc_tta-panel-title vc_tta-controls-icon-position-left\"><a href=\"#1542824560845-2a40a5d5-45fc\" data-vc-accordion data-vc-container=\".vc_tta-container\"><span class=\"vc_tta-title-text\">Corretaje de Inmuebles<\/span><i class=\"vc_tta-controls-icon vc_tta-controls-icon-plus\"><\/i><\/a><\/h4><\/div><div class=\"vc_tta-panel-body\">\n\t<div class=\"wpb_text_column wpb_content_element\" >\n\t\t<div class=\"wpb_wrapper\">\n\t\t\t<p style=\"font-weight: 400;\">Venta y renta de casas, departamentos, oficinas, bodegas, locales comerciales o cualquier tipo de inmueble.<\/p>\n\n\t\t<\/div>\n\t<\/div>\n<\/div><\/div><div class=\"vc_tta-panel\" id=\"1542824839014-49b23639-1b61\" data-vc-content=\".vc_tta-panel-body\"><div class=\"vc_tta-panel-heading\"><h4 class=\"vc_tta-panel-title vc_tta-controls-icon-position-left\"><a href=\"#1542824839014-49b23639-1b61\" data-vc-accordion data-vc-container=\".vc_tta-container\"><span class=\"vc_tta-title-text\">Aval\u00faos de Inmuebles<\/span><i class=\"vc_tta-controls-icon vc_tta-controls-icon-plus\"><\/i><\/a><\/h4><\/div><div class=\"vc_tta-panel-body\">\n\t<div class=\"wpb_text_column wpb_content_element\" >\n\t\t<div class=\"wpb_wrapper\">\n\t\t\t<p>Comerciales y bancarios.\u00a0 Como presupuestos en diagn\u00f3sticos jur\u00eddicos para la adquisici\u00f3n de cr\u00e9ditos o venta de los mismos.<\/p>\n\n\t\t<\/div>\n\t<\/div>\n<\/div><\/div><div class=\"vc_tta-panel\" id=\"1542824923795-d3b20a0a-4542\" data-vc-content=\".vc_tta-panel-body\"><div class=\"vc_tta-panel-heading\"><h4 class=\"vc_tta-panel-title vc_tta-controls-icon-position-left\"><a href=\"#1542824923795-d3b20a0a-4542\" data-vc-accordion data-vc-container=\".vc_tta-container\"><span class=\"vc_tta-title-text\">Administraci\u00f3n de Cr\u00e9ditos<\/span><i class=\"vc_tta-controls-icon vc_tta-controls-icon-plus\"><\/i><\/a><\/h4><\/div><div class=\"vc_tta-panel-body\">\n\t<div class=\"wpb_text_column wpb_content_element\" >\n\t\t<div class=\"wpb_wrapper\">\n\t\t\t<p>Adquirir, ceder, enajenar, administrar y en general, negociar cualquier forma de t\u00edtulos de cr\u00e9dito.<\/p>\n\n\t\t<\/div>\n\t<\/div>\n<\/div><\/div><div class=\"vc_tta-panel\" id=\"1544037535437-cc85a7de-604a\" data-vc-content=\".vc_tta-panel-body\"><div class=\"vc_tta-panel-heading\"><h4 class=\"vc_tta-panel-title vc_tta-controls-icon-position-left\"><a href=\"#1544037535437-cc85a7de-604a\" data-vc-accordion data-vc-container=\".vc_tta-container\"><span class=\"vc_tta-title-text\">Estimaciones de valor<\/span><i class=\"vc_tta-controls-icon vc_tta-controls-icon-plus\"><\/i><\/a><\/h4><\/div><div class=\"vc_tta-panel-body\"><\/div><\/div><div class=\"vc_tta-panel\" id=\"1544037584326-a14d839f-128d\" data-vc-content=\".vc_tta-panel-body\"><div class=\"vc_tta-panel-heading\"><h4 class=\"vc_tta-panel-title vc_tta-controls-icon-position-left\"><a href=\"#1544037584326-a14d839f-128d\" data-vc-accordion data-vc-container=\".vc_tta-container\"><span class=\"vc_tta-title-text\">Asesor\u00eda legal<\/span><i class=\"vc_tta-controls-icon vc_tta-controls-icon-plus\"><\/i><\/a><\/h4><\/div><div class=\"vc_tta-panel-body\"><\/div><\/div><\/div><\/div><\/div><\/div><div class=\"vc_tta-container vc_tta-o-non-responsive\" data-vc-action=\"collapse\"><div class=\"vc_general vc_tta vc_tta-tabs vc_tta-o-shape-group vc_tta-has-pagination vc_tta-o-no-fill vc_tta-tabs-position-top  vc_tta-pageable\"><div class=\"vc_tta-panels-container\"><ul class=\"vc_general vc_pagination vc_pagination-style-outline vc_pagination-shape-round vc_pagination-color-grey\"><li class=\"vc_pagination-item vc_active\" data-vc-tab><a href=\"#1542824577552-5c08e754-c5ac\" class=\"vc_pagination-trigger\" data-vc-tabs data-vc-container=\".vc_tta\"><\/a><\/li><li class=\"vc_pagination-item\" data-vc-tab><a href=\"#1544037482873-a444608e-f8fd\" class=\"vc_pagination-trigger\" data-vc-tabs data-vc-container=\".vc_tta\"><\/a><\/li><li class=\"vc_pagination-item\" data-vc-tab><a href=\"#1544037501664-b960b69d-aaa1\" class=\"vc_pagination-trigger\" data-vc-tabs data-vc-container=\".vc_tta\"><\/a><\/li><\/ul><div class=\"vc_tta-panels\"><div  class=\"vc_tta-panel vc_active\" id=\"1542824577552-5c08e754-c5ac\" data-vc-content=\".vc_tta-panel-body\"><div class=\"vc_tta-panel-body\">\n\t\t\t<span class=\"vc_tta-panel-title\">\n\t\t\t\t<a  data-vc-container=\".vc_tta-container\" data-vc-accordion=\"\" data-vc-target=\"#1542824577552-5c08e754-c5ac\"><\/a>\n\t\t\t<\/span>\n\t\t<\/div><\/div><div  class=\"vc_tta-panel\" id=\"1544037482873-a444608e-f8fd\" data-vc-content=\".vc_tta-panel-body\"><div class=\"vc_tta-panel-body\">\n\t\t\t<span class=\"vc_tta-panel-title\">\n\t\t\t\t<a  data-vc-container=\".vc_tta-container\" data-vc-accordion=\"\" data-vc-target=\"#1544037482873-a444608e-f8fd\"><\/a>\n\t\t\t<\/span>\n\t\t<\/div><\/div><div  class=\"vc_tta-panel\" id=\"1544037501664-b960b69d-aaa1\" data-vc-content=\".vc_tta-panel-body\"><div class=\"vc_tta-panel-body\">\n\t\t\t<span class=\"vc_tta-panel-title\">\n\t\t\t\t<a  data-vc-container=\".vc_tta-container\" data-vc-accordion=\"\" data-vc-target=\"#1544037501664-b960b69d-aaa1\"><\/a>\n\t\t\t<\/span>\n\t\t<\/div><\/div><\/div><\/div><\/div><\/div><\/div><\/div><\/div><\/div><div class=\"vc_row wpb_row vc_row-fluid\"><div class=\"wpb_column vc_column_container vc_col-sm-12\"><div class=\"vc_column-inner vc_custom_1494333727302\"><div class=\"wpb_wrapper\"><\/div><\/div><\/div><\/div>","protected":false},"excerpt":{"rendered":"Inmobiliaria Rios, S.A. de C.V. es una empresa dedicada a prestar una amplia gama de servicios inmobiliarios. Contamos con los conocimientos. La experiencia, las herramientas m\u00e1s modernas y el esp\u00edritu de servicio de calidad para vender, rentar y\/o administrar bienes inmuebles, en tiempo optimo y en las mejores condiciones. Misi\u00f3n: Ofrecer a nuestros clientes un [...]","protected":false},"author":1,"featured_media":0,"parent":0,"menu_order":0,"comment_status":"closed","ping_status":"closed","template":"page_full-width-with-top-title.php","meta":{"_joinchat":[],"footnotes":""},"class_list":["post-1719","page","type-page","status-publish","hentry"],"_links":{"self":[{"href":"https:\/\/www.inmobiliaria.ebits.com.mx\/en\/wp-json\/wp\/v2\/pages\/1719","targetHints":{"allow":["GET"]}}],"collection":[{"href":"https:\/\/www.inmobiliaria.ebits.com.mx\/en\/wp-json\/wp\/v2\/pages"}],"about":[{"href":"https:\/\/www.inmobiliaria.ebits.com.mx\/en\/wp-json\/wp\/v2\/types\/page"}],"author":[{"embeddable":true,"href":"https:\/\/www.inmobiliaria.ebits.com.mx\/en\/wp-json\/wp\/v2\/users\/1"}],"replies":[{"embeddable":true,"href":"https:\/\/www.inmobiliaria.ebits.com.mx\/en\/wp-json\/wp\/v2\/comments?post=1719"}],"version-history":[{"count":14,"href":"https:\/\/www.inmobiliaria.ebits.com.mx\/en\/wp-json\/wp\/v2\/pages\/1719\/revisions"}],"predecessor-version":[{"id":3388,"href":"https:\/\/www.inmobiliaria.ebits.com.mx\/en\/wp-json\/wp\/v2\/pages\/1719\/revisions\/3388"}],"wp:attachment":[{"href":"https:\/\/www.inmobiliaria.ebits.com.mx\/en\/wp-json\/wp\/v2\/media?parent=1719"}],"curies":[{"name":"wp","href":"https:\/\/api.w.org\/{rel}","templated":true}]}}