{"id":1674,"date":"2017-05-05T10:50:45","date_gmt":"2017-05-05T10:50:45","guid":{"rendered":"http:\/\/export-1.test-tangibledesign.net\/?page_id=1674"},"modified":"2023-01-23T17:37:13","modified_gmt":"2023-01-23T17:37:13","slug":"contact","status":"publish","type":"page","link":"https:\/\/www.inmobiliaria.ebits.com.mx\/en\/contact\/","title":{"rendered":"Contacto"},"content":{"rendered":"<div data-vc-full-width=\"true\" data-vc-full-width-init=\"false\" class=\"vc_row wpb_row vc_row-fluid vc_custom_1494337711020 vc_row-o-equal-height vc_row-flex\"><div class=\"wpb_column vc_column_container vc_col-sm-4\"><div class=\"vc_column-inner vc_custom_1494336662073\"><div class=\"wpb_wrapper\"><div class=\"mh-heading-wrapper--left\">\r\n\t\r\n        <div class=\"mh-heading-wrapper\">\r\n            <h2            class=\"mh-heading  mh-heading--bottom-separator\"\r\n            style=\"font-weight:700;\">\r\n\t\t\tEscribenos        <\/h2>\r\n\r\n\t\t    <\/div>\r\n\r\n\t<\/div>\n<div class=\"wpcf7 no-js\" id=\"wpcf7-f1676-o1\" lang=\"en-US\" dir=\"ltr\" data-wpcf7-id=\"1676\">\n<div class=\"screen-reader-response\"><p role=\"status\" aria-live=\"polite\" aria-atomic=\"true\"><\/p> <ul><\/ul><\/div>\n<form action=\"\/en\/wp-json\/wp\/v2\/pages\/1674#wpcf7-f1676-o1\" method=\"post\" class=\"wpcf7-form init\" aria-label=\"Contact form\" novalidate=\"novalidate\" data-status=\"init\" data-trp-original-action=\"\/en\/wp-json\/wp\/v2\/pages\/1674#wpcf7-f1676-o1\">\n<fieldset class=\"hidden-fields-container\"><input type=\"hidden\" name=\"_wpcf7\" value=\"1676\" \/><input type=\"hidden\" name=\"_wpcf7_version\" value=\"6.1.5\" \/><input type=\"hidden\" name=\"_wpcf7_locale\" value=\"en_US\" \/><input type=\"hidden\" name=\"_wpcf7_unit_tag\" value=\"wpcf7-f1676-o1\" \/><input type=\"hidden\" name=\"_wpcf7_container_post\" value=\"0\" \/><input type=\"hidden\" name=\"_wpcf7_posted_data_hash\" value=\"\" \/>\n<\/fieldset>\n<p><label><span class=\"wpcf7-form-control-wrap\" data-name=\"your-name\"><input size=\"40\" maxlength=\"400\" class=\"wpcf7-form-control wpcf7-text wpcf7-validates-as-required\" aria-required=\"true\" aria-invalid=\"false\" placeholder=\"Tu Nombre*\" value=\"\" type=\"text\" name=\"your-name\" \/><\/span><\/label><label><span class=\"wpcf7-form-control-wrap\" data-name=\"your-email\"><input size=\"40\" maxlength=\"400\" class=\"wpcf7-form-control wpcf7-email wpcf7-validates-as-required wpcf7-text wpcf7-validates-as-email\" aria-required=\"true\" aria-invalid=\"false\" placeholder=\"Tu Correo*\" value=\"\" type=\"email\" name=\"your-email\" \/><\/span><\/label><label><span class=\"wpcf7-form-control-wrap\" data-name=\"your-subject\"><input size=\"40\" maxlength=\"400\" class=\"wpcf7-form-control wpcf7-text\" aria-invalid=\"false\" placeholder=\"Asunto\" value=\"\" type=\"text\" name=\"your-subject\" \/><\/span> <\/label><label><span class=\"wpcf7-form-control-wrap\" data-name=\"your-message\"><textarea cols=\"40\" rows=\"10\" maxlength=\"2000\" class=\"wpcf7-form-control wpcf7-textarea\" aria-invalid=\"false\" placeholder=\"Tu Mensaje :)\" name=\"your-message\"><\/textarea><\/span> <\/label><input class=\"wpcf7-form-control wpcf7-submit has-spinner\" type=\"submit\" value=\"Enviar!\" \/>\n<\/p><div class=\"wpcf7-response-output\" aria-hidden=\"true\"><\/div>\n<input type=\"hidden\" name=\"trp-form-language\" value=\"en\"\/><\/form>\n<\/div>\n<\/div><\/div><\/div><div class=\"wpb_column vc_column_container vc_col-sm-4 vc_col-has-fill\"><div class=\"vc_column-inner vc_custom_1494336828259\"><div class=\"wpb_wrapper\">\n\t<div  class=\"wpb_single_image wpb_content_element vc_align_center\">\n\t\t\n\t\t<figure class=\"wpb_wrapper vc_figure\">\n\t\t\t<div class=\"vc_single_image-wrapper   vc_box_border_grey\"><img loading=\"lazy\" decoding=\"async\" width=\"200\" height=\"100\" src=\"https:\/\/www.inmobiliaria.ebits.com.mx\/wp-content\/uploads\/2022\/09\/logo1-800x600-1.png\" class=\"vc_single_image-img attachment-medium\" alt=\"\" srcset=\"https:\/\/www.inmobiliaria.ebits.com.mx\/wp-content\/uploads\/2022\/09\/logo1-800x600-1.png 200w, https:\/\/www.inmobiliaria.ebits.com.mx\/wp-content\/uploads\/2022\/09\/logo1-800x600-1-18x9.png 18w\" sizes=\"auto, (max-width: 200px) 100vw, 200px\" \/><\/div>\n\t\t<\/figure>\n\t<\/div>\n\n\t<div class=\"wpb_text_column wpb_content_element\" >\n\t\t<div class=\"wpb_wrapper\">\n\t\t\t<p style=\"text-align: center;\">Contacto<\/p>\n<p>Puedes Contactarnos<\/p>\n<p><strong>Correo:<\/strong> leticiarios@inmobiliariarios.com.mx<br \/>\n<strong>Tel\u00e9fono:<\/strong> (614) 184-6151<br \/>\n<strong>Direcci\u00f3n:<\/strong> Av. San Felipe, Col. San Felipe. Chihuahua,Chih. 31203<\/p>\n<p>Cualquier duda o informaci\u00f3n que necesites con gusto te atendemos.<\/p>\n\n\t\t<\/div>\n\t<\/div>\n<\/div><\/div><\/div><div class=\"wpb_column vc_column_container vc_col-sm-4 vc_col-has-fill\"><div class=\"vc_column-inner vc_custom_1494336835635\"><div class=\"wpb_wrapper\">\n\t<div  class=\"wpb_single_image wpb_content_element vc_align_left\">\n\t\t\n\t\t<figure class=\"wpb_wrapper vc_figure\">\n\t\t\t<div class=\"vc_single_image-wrapper   vc_box_border_grey\"><img loading=\"lazy\" decoding=\"async\" width=\"300\" height=\"194\" src=\"https:\/\/www.inmobiliaria.ebits.com.mx\/wp-content\/uploads\/2022\/09\/Captura-de-Pantalla-2022-09-30-a-las-16.47.23-300x194.png\" class=\"vc_single_image-img attachment-medium\" alt=\"\" srcset=\"https:\/\/www.inmobiliaria.ebits.com.mx\/wp-content\/uploads\/2022\/09\/Captura-de-Pantalla-2022-09-30-a-las-16.47.23-300x194.png 300w, https:\/\/www.inmobiliaria.ebits.com.mx\/wp-content\/uploads\/2022\/09\/Captura-de-Pantalla-2022-09-30-a-las-16.47.23-1024x662.png 1024w, https:\/\/www.inmobiliaria.ebits.com.mx\/wp-content\/uploads\/2022\/09\/Captura-de-Pantalla-2022-09-30-a-las-16.47.23-768x497.png 768w, https:\/\/www.inmobiliaria.ebits.com.mx\/wp-content\/uploads\/2022\/09\/Captura-de-Pantalla-2022-09-30-a-las-16.47.23-18x12.png 18w, https:\/\/www.inmobiliaria.ebits.com.mx\/wp-content\/uploads\/2022\/09\/Captura-de-Pantalla-2022-09-30-a-las-16.47.23.png 1079w\" sizes=\"auto, (max-width: 300px) 100vw, 300px\" \/><\/div>\n\t\t<\/figure>\n\t<\/div>\n\n\t<div class=\"wpb_text_column wpb_content_element\" >\n\t\t<div class=\"wpb_wrapper\">\n\t\t\t<p>Horarios de Atenci\u00f3n:<\/p>\n<p><strong>Lunes-Viernes:<\/strong> 09:00 a.m. to 19:00 p.m.<br \/>\n<strong>S\u00e1bado:<\/strong> 10:00 a.m. to 13:00 p.m.<br \/>\n<strong>Domingo:<\/strong>\u00a0Cerrado<\/p>\n\n\t\t<\/div>\n\t<\/div>\n<\/div><\/div><\/div><\/div><div class=\"vc_row-full-width vc_clearfix\"><\/div><div class=\"vc_row wpb_row vc_row-fluid\"><div class=\"wpb_column vc_column_container vc_col-sm-12\"><div class=\"vc_column-inner\"><div class=\"wpb_wrapper\"><div class=\"vc_separator wpb_content_element vc_separator_align_center vc_sep_width_100 vc_sep_pos_align_center vc_separator_no_text vc_sep_color_grey\" ><span class=\"vc_sep_holder vc_sep_holder_l\"><span  class=\"vc_sep_line\"><\/span><\/span><span class=\"vc_sep_holder vc_sep_holder_r\"><span  class=\"vc_sep_line\"><\/span><\/span>\n<\/div><\/div><\/div><\/div><\/div><div class=\"vc_row wpb_row vc_row-fluid\"><div class=\"wpb_column vc_column_container vc_col-sm-12\"><div class=\"vc_column-inner\"><div class=\"wpb_wrapper\"><div class=\"wpb_gmaps_widget wpb_content_element\" >\n\t\t<div class=\"wpb_wrapper\">\n\t\t<div class=\"wpb_map_wraper\">\n\t\t\t<iframe src=\"https:\/\/www.google.com\/maps\/embed?pb=!1m18!1m12!1m3!1d424.2266545919789!2d-106.0920592043415!3d28.649564867446905!2m3!1f0!2f0!3f0!3m2!1i1024!2i768!4f13.1!3m3!1m2!1s0x85c7218356e39b8d%3A0x4c429ac4f85d2dbc!2sRios%20Perea%20Consultor%C3%ADa%20Legal!5e0!3m2!1ses!2sus!4v1664576422864!5m2!1ses!2sus\" width=\"600\" height=\"450\" style=\"border:0;\" allowfullscreen=\"\" loading=\"lazy\" referrerpolicy=\"no-referrer-when-downgrade\"><\/iframe>\t\t<\/div>\n\t<\/div>\n<\/div>\n<\/div><\/div><\/div><\/div>","protected":false},"excerpt":{"rendered":"Escribenos Contacto Puedes Contactarnos Correo: leticiarios@inmobiliariarios.com.mx Tel\u00e9fono: (614) 184-6151 Direcci\u00f3n: Av. San Felipe, Col. San Felipe. Chihuahua,Chih. 31203 Cualquier duda o informaci\u00f3n que necesites con gusto te atendemos. Horarios de Atenci\u00f3n: Lunes-Viernes: 09:00 a.m. to 19:00 p.m. S\u00e1bado: 10:00 a.m. to 13:00 p.m. Domingo:\u00a0Cerrado","protected":false},"author":1,"featured_media":0,"parent":0,"menu_order":0,"comment_status":"closed","ping_status":"closed","template":"page_full-width-with-top-title.php","meta":{"_joinchat":{"telephone":"+526141846151"},"footnotes":""},"class_list":["post-1674","page","type-page","status-publish","hentry"],"_links":{"self":[{"href":"https:\/\/www.inmobiliaria.ebits.com.mx\/en\/wp-json\/wp\/v2\/pages\/1674","targetHints":{"allow":["GET"]}}],"collection":[{"href":"https:\/\/www.inmobiliaria.ebits.com.mx\/en\/wp-json\/wp\/v2\/pages"}],"about":[{"href":"https:\/\/www.inmobiliaria.ebits.com.mx\/en\/wp-json\/wp\/v2\/types\/page"}],"author":[{"embeddable":true,"href":"https:\/\/www.inmobiliaria.ebits.com.mx\/en\/wp-json\/wp\/v2\/users\/1"}],"replies":[{"embeddable":true,"href":"https:\/\/www.inmobiliaria.ebits.com.mx\/en\/wp-json\/wp\/v2\/comments?post=1674"}],"version-history":[{"count":13,"href":"https:\/\/www.inmobiliaria.ebits.com.mx\/en\/wp-json\/wp\/v2\/pages\/1674\/revisions"}],"predecessor-version":[{"id":3625,"href":"https:\/\/www.inmobiliaria.ebits.com.mx\/en\/wp-json\/wp\/v2\/pages\/1674\/revisions\/3625"}],"wp:attachment":[{"href":"https:\/\/www.inmobiliaria.ebits.com.mx\/en\/wp-json\/wp\/v2\/media?parent=1674"}],"curies":[{"name":"wp","href":"https:\/\/api.w.org\/{rel}","templated":true}]}}